{"id":148,"date":"2022-06-07T16:39:37","date_gmt":"2022-06-07T20:39:37","guid":{"rendered":"https:\/\/www.jconnellyrental.ca\/?page_id=148"},"modified":"2025-07-21T10:05:45","modified_gmt":"2025-07-21T14:05:45","slug":"contactez-nous","status":"publish","type":"page","link":"https:\/\/www.jconnellyrental.com\/en\/contactez-nous\/","title":{"rendered":"Contact"},"content":{"rendered":"\n<section id=\"hero-image-block_721bd1fc71bebcbda6f9c63533f01aca\" class=\"hero-image relative padding-x pt-[15.8rem] pb-[12.5rem] md:pt-[33rem] md:pb-[46.5rem] overflow-hidden\">\n    <img decoding=\"async\" src=\"https:\/\/pub-cdd804bab42743428e9e8d044bc0f665.r2.dev\/uploads\/2022\/06\/Mask-group-3-1-e1674775270291.jpg\" alt=\"\" class=\"my-parallax absolute top-0 left-0 w-[100%] h-[100%] object-cover\">\n    <div class=\"absolute top-0 left-0 w-[100%] h-[100%]\" style=\"background: linear-gradient(180deg, rgba(0, 0, 0, 0.6) 10.73%, rgba(0, 0, 0, 0) 100%)\"><\/div>\n    <h1 class=\"relative title1 text-white\" data-reveal-trigger data-reveal=\"fade-up\">Contactez <br><span style=\"font-size: 0.7em;\">J. Connelly Rental<\/h1>\n<\/section>\n\n\n<section id=\"form-block_fcf94f2c78599a846cacf1e67afa80a4\" class=\"form\">\n    <div class=\"relative md-padding-x md:mt-[-15rem] md:pb-[23.3rem]\">\n        <div class=\"padding-x pt-[5.5rem] pb-[6.7rem] bg-lightgrey md:px-[10.7rem] md:pt-[10.4rem] md:pb-[13.5rem]\">\n            <div data-reveal-trigger>\n                <h2 class=\"title2 text-white text-[2.8rem] md:text-[5.9rem]\" data-reveal=\"fade-up\">Parlez-nous de Votre Projet<\/h2>\n                <div class=\"my-custom-form pt-[3rem] md:pt-[4.5rem]\" data-reveal=\"fade-up\" data-reveal-delay=\"200\">\n                    \n<div class=\"wpcf7 no-js\" id=\"wpcf7-f256-o1\" lang=\"fr-CA\" dir=\"ltr\" data-wpcf7-id=\"256\">\n<div class=\"screen-reader-response\"><p role=\"status\" aria-live=\"polite\" aria-atomic=\"true\"><\/p> <ul><\/ul><\/div>\n<form action=\"\/en\/wp-json\/wp\/v2\/pages\/148#wpcf7-f256-o1\" method=\"post\" class=\"wpcf7-form init\" aria-label=\"Contact form\" novalidate=\"novalidate\" data-status=\"init\">\n<fieldset class=\"hidden-fields-container\"><input type=\"hidden\" name=\"_wpcf7\" value=\"256\" \/><input type=\"hidden\" name=\"_wpcf7_version\" value=\"6.1.5\" \/><input type=\"hidden\" name=\"_wpcf7_locale\" value=\"fr_CA\" \/><input type=\"hidden\" name=\"_wpcf7_unit_tag\" value=\"wpcf7-f256-o1\" \/><input type=\"hidden\" name=\"_wpcf7_container_post\" value=\"0\" \/><input type=\"hidden\" name=\"_wpcf7_posted_data_hash\" value=\"\" \/><input type=\"hidden\" name=\"_wpcf7_recaptcha_response\" value=\"\" \/>\n<\/fieldset>\n<p><span class=\"wpcf7-form-control-wrap\" data-name=\"text-277\"><input size=\"40\" maxlength=\"400\" class=\"wpcf7-form-control wpcf7-text wpcf7-validates-as-required\" aria-required=\"true\" aria-invalid=\"false\" placeholder=\"Nom\" value=\"\" type=\"text\" name=\"text-277\" \/><\/span><br \/>\n<span class=\"wpcf7-form-control-wrap\" data-name=\"tel-726\"><input size=\"40\" maxlength=\"400\" class=\"wpcf7-form-control wpcf7-tel wpcf7-validates-as-required wpcf7-text wpcf7-validates-as-tel\" aria-required=\"true\" aria-invalid=\"false\" placeholder=\"T\u00e9l\u00e9phone\" value=\"\" type=\"tel\" name=\"tel-726\" \/><\/span><br \/>\n<span class=\"wpcf7-form-control-wrap\" data-name=\"email-796\"><input size=\"40\" maxlength=\"400\" class=\"wpcf7-form-control wpcf7-email wpcf7-text wpcf7-validates-as-email\" aria-invalid=\"false\" placeholder=\"Courriel\" value=\"\" type=\"email\" name=\"email-796\" \/><\/span><br \/>\n<span class=\"wpcf7-form-control-wrap\" data-name=\"textarea-704\"><textarea cols=\"40\" rows=\"10\" maxlength=\"2000\" class=\"wpcf7-form-control wpcf7-textarea\" aria-invalid=\"false\" placeholder=\"Message\" name=\"textarea-704\"><\/textarea><\/span>\n<\/p>\n<div class=\"form-cta\">\n\t<p><input class=\"wpcf7-form-control wpcf7-submit has-spinner cta\" type=\"submit\" value=\"Envoyer\" \/>\n\t<\/p>\n<\/div><div class=\"wpcf7-response-output\" aria-hidden=\"true\"><\/div>\n<\/form>\n<\/div>\n                <\/div>\n            <\/div>\n        <\/div>\n        <div class=\"md:grid md:grid-cols-2\">\n            <div class=\"relative bg-blue padding-x py-[6.2rem] md:pt-[8.5rem] md:pb-[11.3rem] md:px-[10.7rem]\">\n                <h3 class=\"title2 text-white text-[2.8rem] md:text-[5.9rem]\" data-reveal-trigger data-reveal=\"fade-up\">Nos Coordonn\u00e9es<\/h3>\n                <div class=\"coords mt-[1.7rem] md:mt-[5.2rem]\">\n                    <div data-reveal-trigger>\n                        <p class=\"my-address title4 text-white\" data-reveal=\"fade-up\"><span>J. Connelly Rental Ltd<\/span><br>\r\n2575 Sheffield Road<br>\r\nOttawa, ON<br>\r\nK1B 3V6<br><\/p>\n                    <\/div>\n                    <div data-reveal-trigger>\n                        <span class=\"block title4 text-white pt-[4rem] md:pt-[3rem]\" data-reveal=\"fade-up\">Phone<\/span>\n                        <a class=\"relative block title4 text-white font-medium w-[max-content]\" href=\"tel:613 745-8796\" target=\"_blank\" rel=\"noopener noreferrer\" data-reveal=\"fade-up\" data-reveal-delay=\"200\">613 745-8796<\/a>\n                    <\/div>\n                    <div data-reveal-trigger>\n                        <span class=\"block title4 text-white pt-[4rem] md:pt-[3rem]\" data-reveal=\"fade-up\" >Email<\/span>\n                        <a class=\"relative block title4 text-white font-medium w-[max-content]\" href=\"&#109;&#x61;i&#108;&#x74;o&#58;&#x69;n&#x66;&#x6f;&#64;&#x6a;c&#111;&#x6e;n&#101;&#x6c;l&#x79;&#x72;&#101;&#x6e;&#x74;&#97;&#x6c;&#46;&#99;&#x61;\" target=\"_blank\" rel=\"noopener noreferrer\" data-reveal=\"fade-up\" data-reveal-delay=\"200\">&#x69;n&#x66;&#111;&#64;&#x6a;&#99;&#x6f;&#110;n&#x65;&#108;&#x6c;&#121;r&#x65;&#110;&#x74;&#x61;l&#x2e;&#99;a<\/a>\n                    <\/div>\n                <\/div>\n            <\/div>\n            <a href=\"https:\/\/www.google.com\/maps\/place\/2575+Sheffield+Rd,+Ottawa,+ON+K1B+3V6\/@45.4025406,-75.6934408,12.53z\/data=!4m5!3m4!1s0x4cce0f0162230281:0x6a7f3503be869712!8m2!3d45.4061583!4d-75.6056006\" class=\"map-container cursor-pointer overflow-hidden  w-[100%] h-[100vw] md:h-[100%]\" target=\"_blank\" rel=\"noopener noreferrer\">\n                <div class=\"map-content bg-[url('https:\/\/pub-cdd804bab42743428e9e8d044bc0f665.r2.dev\/uploads\/2022\/07\/map-1.jpg')] bg-cover bg-center w-[100%] h-[100vw] max-h-[50vh] md:h-[100%] md:max-h-[none] my-transition\" title=\"\"><\/div>\n            <\/a>\n        <\/div>\n    <\/div>\n<\/section>","protected":false},"excerpt":{"rendered":"","protected":false},"author":1,"featured_media":0,"parent":0,"menu_order":0,"comment_status":"closed","ping_status":"closed","template":"","meta":{"_acf_changed":false,"_yoast_wpseo_title":"Contactez-Nous | J. Connelly Rental","_yoast_wpseo_metadesc":"Contactez J. Connelly Rental pour la location et vente d'\u00e9quipements \u00e0 Ottawa. Appelez, envoyez un courriel ou visitez-nous pour un service fiable.","_metasync_otto_title":"","_metasync_otto_description":"","_metasync_otto_keywords":"","_metasync_otto_og_title":"","_metasync_otto_og_description":"","_metasync_otto_twitter_title":"","_metasync_otto_twitter_description":"","rank_math_title":"","rank_math_description":"","_aioseo_title":"","_aioseo_description":"","_metasync_seo_title":"","_metasync_seo_desc":"","_metasync_breadcrumb_title":"","_metasync_primary_category":0,"_metasync_primary_product_cat":0,"_metasync_otto_disabled":"","_metasync_hreflang":"","_metasync_plugin_sync_ts":"","_metasync_robots_advanced":"","footnotes":""},"class_list":["post-148","page","type-page","status-publish","hentry"],"acf":[],"yoast_head":"<!-- This site is optimized with the Yoast SEO plugin v27.5 - https:\/\/yoast.com\/product\/yoast-seo-wordpress\/ -->\n<title>Contactez-Nous | J. Connelly Rental<\/title>\n<meta name=\"description\" content=\"Contactez J. Connelly Rental pour la location et vente d&#039;\u00e9quipements \u00e0 Ottawa. Appelez, envoyez un courriel ou visitez-nous pour un service fiable.\" \/>\n<meta name=\"robots\" content=\"index, follow, max-snippet:-1, max-image-preview:large, max-video-preview:-1\" \/>\n<link rel=\"canonical\" href=\"https:\/\/www.jconnellyrental.com\/en\/contactez-nous\/\" \/>\n<meta property=\"og:locale\" content=\"en_US\" \/>\n<meta property=\"og:type\" content=\"article\" \/>\n<meta property=\"og:title\" content=\"Contactez J. Connelly Rental pour la Location et Vente d&#039;\u00c9quipements\" \/>\n<meta property=\"og:description\" content=\"Contactez J. Connelly Rental \u00e0 Ottawa pour vos besoins en location et vente d&#039;\u00e9quipements. Appelez, envoyez un courriel ou visitez-nous pour plus d&#039;informations.\" \/>\n<meta property=\"og:url\" content=\"https:\/\/www.jconnellyrental.com\/en\/contactez-nous\/\" \/>\n<meta property=\"og:site_name\" content=\"J. Connelly Rental\" \/>\n<meta property=\"article:publisher\" content=\"https:\/\/www.facebook.com\/jconnellyrentalltd\" \/>\n<meta property=\"og:image\" content=\"https:\/\/pub-cdd804bab42743428e9e8d044bc0f665.r2.dev\/uploads\/2024\/08\/OG-Image-J-Connelly-Rental-under-200kb.png\" \/>\n\t<meta property=\"og:image:width\" content=\"1100\" \/>\n\t<meta property=\"og:image:height\" content=\"467\" \/>\n\t<meta property=\"og:image:type\" content=\"image\/png\" \/>\n<meta name=\"twitter:card\" content=\"summary_large_image\" \/>\n<meta name=\"twitter:title\" content=\"Contactez-Nous | J. Connelly Rental\" \/>\n<meta name=\"twitter:description\" content=\"Contactez J. Connelly Rental \u00e0 Ottawa pour la location et vente d&#039;\u00e9quipements. Visitez, appelez ou envoyez un courriel d\u00e8s aujourd&#039;hui.\" \/>\n<meta name=\"twitter:image\" content=\"https:\/\/pub-cdd804bab42743428e9e8d044bc0f665.r2.dev\/uploads\/2024\/08\/OG-Image-J-Connelly-Rental-under-200kb.png\" \/>\n<script type=\"application\/ld+json\" class=\"yoast-schema-graph\">{\"@context\":\"https:\\\/\\\/schema.org\",\"@graph\":[{\"@type\":\"Article\",\"@id\":\"https:\\\/\\\/www.jconnellyrental.com\\\/en\\\/contactez-nous\\\/#article\",\"isPartOf\":{\"@id\":\"https:\\\/\\\/www.jconnellyrental.com\\\/en\\\/contactez-nous\\\/\"},\"author\":{\"name\":\"beauvoir\",\"@id\":\"https:\\\/\\\/www.jconnellyrental.com\\\/en\\\/#\\\/schema\\\/person\\\/b8264a7b8d9f5e4015112c5c6ef5d59c\"},\"headline\":\"Contact\",\"datePublished\":\"2022-06-07T20:39:37+00:00\",\"dateModified\":\"2025-07-21T14:05:45+00:00\",\"mainEntityOfPage\":{\"@id\":\"https:\\\/\\\/www.jconnellyrental.com\\\/en\\\/contactez-nous\\\/\"},\"wordCount\":1,\"inLanguage\":\"en-US\"},{\"@type\":\"WebPage\",\"@id\":\"https:\\\/\\\/www.jconnellyrental.com\\\/en\\\/contactez-nous\\\/\",\"url\":\"https:\\\/\\\/www.jconnellyrental.com\\\/en\\\/contactez-nous\\\/\",\"name\":\"Contactez-Nous | J. Connelly Rental\",\"isPartOf\":{\"@id\":\"https:\\\/\\\/www.jconnellyrental.com\\\/en\\\/#website\"},\"datePublished\":\"2022-06-07T20:39:37+00:00\",\"dateModified\":\"2025-07-21T14:05:45+00:00\",\"description\":\"Contactez J. Connelly Rental pour la location et vente d'\u00e9quipements \u00e0 Ottawa. Appelez, envoyez un courriel ou visitez-nous pour un service fiable.\",\"breadcrumb\":{\"@id\":\"https:\\\/\\\/www.jconnellyrental.com\\\/en\\\/contactez-nous\\\/#breadcrumb\"},\"inLanguage\":\"en-US\",\"potentialAction\":[{\"@type\":\"ReadAction\",\"target\":[\"https:\\\/\\\/www.jconnellyrental.com\\\/en\\\/contactez-nous\\\/\"]}]},{\"@type\":\"BreadcrumbList\",\"@id\":\"https:\\\/\\\/www.jconnellyrental.com\\\/en\\\/contactez-nous\\\/#breadcrumb\",\"itemListElement\":[{\"@type\":\"ListItem\",\"position\":1,\"name\":\"Home\",\"item\":\"https:\\\/\\\/www.jconnellyrental.com\\\/en\\\/\"},{\"@type\":\"ListItem\",\"position\":2,\"name\":\"Contact\"}]},{\"@type\":\"WebSite\",\"@id\":\"https:\\\/\\\/www.jconnellyrental.com\\\/en\\\/#website\",\"url\":\"https:\\\/\\\/www.jconnellyrental.com\\\/en\\\/\",\"name\":\"J. Connelly Rental\",\"description\":\"\",\"alternateName\":\"J. Connelly\",\"potentialAction\":[{\"@type\":\"SearchAction\",\"target\":{\"@type\":\"EntryPoint\",\"urlTemplate\":\"https:\\\/\\\/www.jconnellyrental.com\\\/en\\\/?s={search_term_string}\"},\"query-input\":{\"@type\":\"PropertyValueSpecification\",\"valueRequired\":true,\"valueName\":\"search_term_string\"}}],\"inLanguage\":\"en-US\"},{\"@type\":\"Person\",\"@id\":\"https:\\\/\\\/www.jconnellyrental.com\\\/en\\\/#\\\/schema\\\/person\\\/b8264a7b8d9f5e4015112c5c6ef5d59c\",\"name\":\"beauvoir\",\"sameAs\":[\"https:\\\/\\\/www.jconnellyrental.com\"],\"url\":\"https:\\\/\\\/www.jconnellyrental.com\\\/en\\\/author\\\/beauvoir\\\/\"}]}<\/script>\n<!-- \/ Yoast SEO plugin. -->","yoast_head_json":{"title":"Contactez-Nous | J. Connelly Rental","description":"Contactez J. Connelly Rental pour la location et vente d'\u00e9quipements \u00e0 Ottawa. Appelez, envoyez un courriel ou visitez-nous pour un service fiable.","robots":{"index":"index","follow":"follow","max-snippet":"max-snippet:-1","max-image-preview":"max-image-preview:large","max-video-preview":"max-video-preview:-1"},"canonical":"https:\/\/www.jconnellyrental.com\/en\/contactez-nous\/","og_locale":"en_US","og_type":"article","og_title":"Contactez J. Connelly Rental pour la Location et Vente d'\u00c9quipements","og_description":"Contactez J. Connelly Rental \u00e0 Ottawa pour vos besoins en location et vente d'\u00e9quipements. Appelez, envoyez un courriel ou visitez-nous pour plus d'informations.","og_url":"https:\/\/www.jconnellyrental.com\/en\/contactez-nous\/","og_site_name":"J. Connelly Rental","article_publisher":"https:\/\/www.facebook.com\/jconnellyrentalltd","og_image":[{"width":1100,"height":467,"url":"https:\/\/pub-cdd804bab42743428e9e8d044bc0f665.r2.dev\/uploads\/2024\/08\/OG-Image-J-Connelly-Rental-under-200kb.png","type":"image\/png"}],"twitter_card":"summary_large_image","twitter_title":"Contactez-Nous | J. Connelly Rental","twitter_description":"Contactez J. Connelly Rental \u00e0 Ottawa pour la location et vente d'\u00e9quipements. Visitez, appelez ou envoyez un courriel d\u00e8s aujourd'hui.","twitter_image":"https:\/\/pub-cdd804bab42743428e9e8d044bc0f665.r2.dev\/uploads\/2024\/08\/OG-Image-J-Connelly-Rental-under-200kb.png","schema":{"@context":"https:\/\/schema.org","@graph":[{"@type":"Article","@id":"https:\/\/www.jconnellyrental.com\/en\/contactez-nous\/#article","isPartOf":{"@id":"https:\/\/www.jconnellyrental.com\/en\/contactez-nous\/"},"author":{"name":"beauvoir","@id":"https:\/\/www.jconnellyrental.com\/en\/#\/schema\/person\/b8264a7b8d9f5e4015112c5c6ef5d59c"},"headline":"Contact","datePublished":"2022-06-07T20:39:37+00:00","dateModified":"2025-07-21T14:05:45+00:00","mainEntityOfPage":{"@id":"https:\/\/www.jconnellyrental.com\/en\/contactez-nous\/"},"wordCount":1,"inLanguage":"en-US"},{"@type":"WebPage","@id":"https:\/\/www.jconnellyrental.com\/en\/contactez-nous\/","url":"https:\/\/www.jconnellyrental.com\/en\/contactez-nous\/","name":"Contactez-Nous | J. Connelly Rental","isPartOf":{"@id":"https:\/\/www.jconnellyrental.com\/en\/#website"},"datePublished":"2022-06-07T20:39:37+00:00","dateModified":"2025-07-21T14:05:45+00:00","description":"Contactez J. Connelly Rental pour la location et vente d'\u00e9quipements \u00e0 Ottawa. Appelez, envoyez un courriel ou visitez-nous pour un service fiable.","breadcrumb":{"@id":"https:\/\/www.jconnellyrental.com\/en\/contactez-nous\/#breadcrumb"},"inLanguage":"en-US","potentialAction":[{"@type":"ReadAction","target":["https:\/\/www.jconnellyrental.com\/en\/contactez-nous\/"]}]},{"@type":"BreadcrumbList","@id":"https:\/\/www.jconnellyrental.com\/en\/contactez-nous\/#breadcrumb","itemListElement":[{"@type":"ListItem","position":1,"name":"Home","item":"https:\/\/www.jconnellyrental.com\/en\/"},{"@type":"ListItem","position":2,"name":"Contact"}]},{"@type":"WebSite","@id":"https:\/\/www.jconnellyrental.com\/en\/#website","url":"https:\/\/www.jconnellyrental.com\/en\/","name":"J. Connelly Rental","description":"","alternateName":"J. Connelly","potentialAction":[{"@type":"SearchAction","target":{"@type":"EntryPoint","urlTemplate":"https:\/\/www.jconnellyrental.com\/en\/?s={search_term_string}"},"query-input":{"@type":"PropertyValueSpecification","valueRequired":true,"valueName":"search_term_string"}}],"inLanguage":"en-US"},{"@type":"Person","@id":"https:\/\/www.jconnellyrental.com\/en\/#\/schema\/person\/b8264a7b8d9f5e4015112c5c6ef5d59c","name":"beauvoir","sameAs":["https:\/\/www.jconnellyrental.com"],"url":"https:\/\/www.jconnellyrental.com\/en\/author\/beauvoir\/"}]}},"_links":{"self":[{"href":"https:\/\/www.jconnellyrental.com\/en\/wp-json\/wp\/v2\/pages\/148","targetHints":{"allow":["GET"]}}],"collection":[{"href":"https:\/\/www.jconnellyrental.com\/en\/wp-json\/wp\/v2\/pages"}],"about":[{"href":"https:\/\/www.jconnellyrental.com\/en\/wp-json\/wp\/v2\/types\/page"}],"author":[{"embeddable":true,"href":"https:\/\/www.jconnellyrental.com\/en\/wp-json\/wp\/v2\/users\/1"}],"replies":[{"embeddable":true,"href":"https:\/\/www.jconnellyrental.com\/en\/wp-json\/wp\/v2\/comments?post=148"}],"version-history":[{"count":7,"href":"https:\/\/www.jconnellyrental.com\/en\/wp-json\/wp\/v2\/pages\/148\/revisions"}],"predecessor-version":[{"id":2866,"href":"https:\/\/www.jconnellyrental.com\/en\/wp-json\/wp\/v2\/pages\/148\/revisions\/2866"}],"wp:attachment":[{"href":"https:\/\/www.jconnellyrental.com\/en\/wp-json\/wp\/v2\/media?parent=148"}],"curies":[{"name":"wp","href":"https:\/\/api.w.org\/{rel}","templated":true}]}}